{"id":377,"date":"2026-02-10T08:59:04","date_gmt":"2026-02-10T07:59:04","guid":{"rendered":"https:\/\/dts-carebridge.de\/pour-les-employeurs\/"},"modified":"2026-03-19T16:15:08","modified_gmt":"2026-03-19T15:15:08","slug":"pour-les-employeurs","status":"publish","type":"page","link":"https:\/\/dts-carebridge.de\/fr\/pour-les-employeurs\/","title":{"rendered":"Pour les employeurs"},"content":{"rendered":"<div class=\"et_pb_section_0 et_pb_section et_section_regular et_block_section et_animated\">\n<div class=\"et_pb_row_0 et_pb_row et_block_row\">\n<div class=\"et_pb_column_0 et_pb_column et_pb_column_4_4 et-last-child et_block_column et_pb_css_mix_blend_mode_passthrough\">\n<div class=\"et_pb_heading_0 et_pb_heading et_pb_module et_flex_module preset--module--divi-heading--default\"><div class=\"et_pb_heading_container\"><h1 class=\"et_pb_module_header\">Pour les employeurs<\/h1><\/div><\/div>\n\n<div class=\"et_pb_text_0 et_pb_text et_pb_bg_layout_light et_pb_module et_flex_module preset--module--divi-text--default\"><div class=\"et_pb_text_inner\"><p class=\"p1\">Vous recherchez des apprentis motiv\u00e9s ou des professionnels de sant\u00e9 qualifi\u00e9s venant de l\u2019\u00e9tranger\u202f? DTS CareBridge vous accompagne dans le recrutement durable de candidats internationaux de mani\u00e8re structur\u00e9e, transparente et fiable. Nous accompagnons l\u2019ensemble du processus, de la pr\u00e9s\u00e9lection \u00e0 l\u2019int\u00e9gration r\u00e9ussie dans votre \u00e9tablissement.  <\/p>\n<\/div><\/div>\n<\/div>\n<\/div>\n<\/div>\n\n<div class=\"et_pb_section_1 et_pb_section et_section_regular et_flex_section\">\n<div class=\"et_pb_row_1 et_pb_row et_flex_row\">\n<div class=\"et_pb_column_1 et_pb_column et_flex_column et_pb_css_mix_blend_mode_passthrough et_animated et_flex_column_12_24 et_flex_column_24_24_tablet et_flex_column_24_24_phone et_flex_column_24_24_tabletWide\">\n<div class=\"et_pb_group_0 et_pb_group et_pb_module et_flex_group et_pb_css_mix_blend_mode_passthrough\">\n<div class=\"et_pb_heading_1 et_pb_heading et_pb_module et_flex_module preset--module--divi-heading--default\"><div class=\"et_pb_heading_container\"><h2 class=\"et_pb_module_header\">Placement de personnel soignant pour les \u00e9tablissements du nord de l\u2019Allemagne<\/h2><\/div><\/div>\n\n<div class=\"et_pb_heading_2 et_pb_heading et_pb_module et_flex_module preset--module--divi-heading--default\"><div class=\"et_pb_heading_container\"><h3 class=\"et_pb_module_header\">Une mise en relation structur\u00e9e<\/h3><\/div><\/div>\n<\/div>\n\n<div class=\"et_pb_text_1 et_pb_text et_pb_bg_layout_light et_pb_module et_flex_module preset--module--divi-text--default\"><div class=\"et_pb_text_inner\"><p class=\"p1\">Nous prenons en charge pour vous:<\/p>\n<\/div><\/div>\n\n<ul class=\"et_pb_icon_list_0 et_pb_icon_list et_pb_module et_flex_module\">\n<li class=\"et_pb_icon_list_item_0 et_pb_icon_list_item et_pb_module et_flex_module\"><span class=\"et-pb-icon\">$<\/span><div class=\"et_pb_icon_list_text\">La pr\u00e9s\u00e9lection des candidats qualifi\u00e9s pour votre d\u00e9cision finale<\/div><\/li>\n\n<li class=\"et_pb_icon_list_item_1 et_pb_icon_list_item et_pb_module et_flex_module\"><span class=\"et-pb-icon\">$<\/span><div class=\"et_pb_icon_list_text\">La demande de visas et de proc\u00e9dures de reconnaissance des qualifications<\/div><\/li>\n\n<li class=\"et_pb_icon_list_item_2 et_pb_icon_list_item et_pb_module et_flex_module\"><span class=\"et-pb-icon\">$<\/span><div class=\"et_pb_icon_list_text\">La coordination avec les autorit\u00e9s et les \u00e9coles de langue<\/div><\/li>\n\n<li class=\"et_pb_icon_list_item_3 et_pb_icon_list_item et_pb_module et_flex_module\"><span class=\"et-pb-icon\">$<\/span><div class=\"et_pb_icon_list_text\">La liaison entre l\u2019\u00e9tablissement et le candidat<\/div><\/li>\n\n<li class=\"et_pb_icon_list_item_4 et_pb_icon_list_item et_pb_module et_flex_module\"><span class=\"et-pb-icon\">$<\/span><div class=\"et_pb_icon_list_text\">L\u2019aide \u00e0 la planification de l\u2019int\u00e9gration et de la formation<\/div><\/li>\n<\/ul>\n\n<div class=\"et_pb_row_2 et_pb_row et_pb_row_nested et_flex_row\">\n<div class=\"et_pb_column_2 et_pb_column et_flex_column et_pb_css_mix_blend_mode_passthrough et_flex_column_12_24 et_flex_column_24_24_tablet et_flex_column_24_24_phone et_flex_column_12_24_tabletWide\">\n<div class=\"et_pb_module et_pb_button_module_wrapper et_pb_button_0_wrapper preset--module--divi-button--default_wrapper\"><a class=\"et_pb_button_0 et_pb_button et_pb_bg_layout_dark et_pb_module et_flex_module preset--module--divi-button--default\" href=\"mailto:info@dts-carebridge.de\" data-icon=\"\ue010\">\u00c9crivez-nous<\/a><\/div>\n<\/div>\n\n<div class=\"et_pb_column_3 et_pb_column et-last-child et_flex_column et_pb_css_mix_blend_mode_passthrough et_flex_column_12_24 et_flex_column_24_24_tablet et_flex_column_24_24_phone et_flex_column_12_24_tabletWide\">\n<div class=\"et_pb_module et_pb_button_module_wrapper et_pb_button_1_wrapper preset--module--divi-button--default_wrapper\"><a class=\"et_pb_button_1 et_pb_button et_pb_bg_layout_dark et_pb_module et_flex_module preset--module--divi-button--default\" href=\"tel:01634009919\" data-icon=\"\uf879\">Appelez-nous<\/a><\/div>\n<\/div>\n<\/div>\n<\/div>\n\n<div class=\"et_pb_column_4 et_pb_column et-last-child et_flex_column et_pb_css_mix_blend_mode_passthrough et_animated et_flex_column_12_24 et_flex_column_24_24_tablet et_flex_column_24_24_phone et_flex_column_24_24_tabletWide\">\n<div class=\"et_pb_image_0 et_pb_image et_pb_module et_flex_module\"><span class=\"et_pb_image_wrap\"><img loading=\"lazy\" decoding=\"async\" src=\"https:\/\/dts-carebridge.de\/wp-content\/uploads\/2026\/02\/Gespraech-Einrichtung.webp\" width=\"1500\" height=\"1000\" srcset=\"https:\/\/dts-carebridge.de\/wp-content\/uploads\/2026\/02\/Gespraech-Einrichtung.webp 1500w, https:\/\/dts-carebridge.de\/wp-content\/uploads\/2026\/02\/Gespraech-Einrichtung-1280x853.webp 1280w, https:\/\/dts-carebridge.de\/wp-content\/uploads\/2026\/02\/Gespraech-Einrichtung-980x653.webp 980w, https:\/\/dts-carebridge.de\/wp-content\/uploads\/2026\/02\/Gespraech-Einrichtung-480x320.webp 480w\" sizes=\"(min-width: 0px) and (max-width: 480px) 480px, (min-width: 481px) and (max-width: 980px) 980px, (min-width: 981px) and (max-width: 1280px) 1280px, (min-width: 1281px) 1500px, 100vw\" class=\"wp-image-299\" \/><\/span><\/div>\n<\/div>\n<\/div>\n<\/div>\n\n<div class=\"et_pb_section_2 et_pb_section et_section_regular et_flex_section visible-show\">\n<div class=\"et_pb_row_3 et_pb_row et_flex_row\">\n<div class=\"et_pb_column_5 et_pb_column et_flex_column et_pb_column_empty et_pb_css_mix_blend_mode_passthrough et_animated et_flex_column_3_5 et_flex_column_24_24_tablet et_flex_column_24_24_phone et_flex_column_8_24_tabletWide\"><\/div>\n\n<div class=\"et_pb_column_6 et_pb_column et-last-child et_flex_column et_pb_css_mix_blend_mode_passthrough et_animated et_flex_column_2_5 et_flex_column_24_24_tablet et_flex_column_24_24_phone et_flex_column_16_24_tabletWide\">\n<div class=\"et_pb_group_1 et_pb_group et_pb_module et_flex_group et_pb_css_mix_blend_mode_passthrough\">\n<div class=\"et_pb_heading_3 et_pb_heading et_pb_module et_flex_module preset--module--divi-heading--default\"><div class=\"et_pb_heading_container\"><h2 class=\"et_pb_module_header\">Int\u00e9gration durable<\/h2><\/div><\/div>\n\n<div class=\"et_pb_heading_4 et_pb_heading et_pb_module et_flex_module preset--module--divi-heading--default\"><div class=\"et_pb_heading_container\"><h3 class=\"et_pb_module_header\">Notre accompagnement ne se termine pas \u00e0 l\u2019arriv\u00e9e en Allemagne.<\/h3><\/div><\/div>\n<\/div>\n\n<div class=\"et_pb_text_2 et_pb_text et_pb_bg_layout_dark et_pb_module et_flex_module preset--module--divi-text--default\"><div class=\"et_pb_text_inner\"><p class=\"p1\">Nous accompagnons:<\/p>\n<\/div><\/div>\n\n<ul class=\"et_pb_icon_list_1 et_pb_icon_list et_pb_module et_flex_module\">\n<li class=\"et_pb_icon_list_item_5 et_pb_icon_list_item et_pb_module et_flex_module\"><span class=\"et-pb-icon\">N<\/span><div class=\"et_pb_icon_list_text\">L\u2019arriv\u00e9e et le logement<\/div><\/li>\n\n<li class=\"et_pb_icon_list_item_6 et_pb_icon_list_item et_pb_module et_flex_module\"><span class=\"et-pb-icon\">N<\/span><div class=\"et_pb_icon_list_text\">La pr\u00e9sentation aupr\u00e8s de l\u2019employeur<\/div><\/li>\n\n<li class=\"et_pb_icon_list_item_7 et_pb_icon_list_item et_pb_module et_flex_module\"><span class=\"et-pb-icon\">N<\/span><div class=\"et_pb_icon_list_text\">La phase d\u2019int\u00e9gration professionnelle<\/div><\/li>\n\n<li class=\"et_pb_icon_list_item_8 et_pb_icon_list_item et_pb_module et_flex_module\"><span class=\"et-pb-icon\">N<\/span><div class=\"et_pb_icon_list_text\">La p\u00e9riode d\u2019essai<\/div><\/li>\n\n<li class=\"et_pb_icon_list_item_9 et_pb_icon_list_item et_pb_module et_flex_module\"><span class=\"et-pb-icon\">N<\/span><div class=\"et_pb_icon_list_text\">L\u2019int\u00e9gration dans la r\u00e9gion<\/div><\/li>\n<\/ul>\n\n<div class=\"et_pb_module et_pb_button_module_wrapper et_pb_button_2_wrapper preset--module--divi-button--default_wrapper\"><a class=\"et_pb_button_2 et_pb_button et_pb_bg_layout_dark et_pb_module et_flex_module preset--module--divi-button--default\" href=\"mailto:info@dts-carebridge.de\" data-icon=\"\ue010\">\u00c9crivez-nous<\/a><\/div>\n<\/div>\n<\/div>\n<\/div>\n\n<div class=\"et_pb_section_3 et_pb_section et_section_regular et_flex_section\">\n<div class=\"et_pb_row_4 et_pb_row et_flex_row\">\n<div class=\"et_pb_column_7 et_pb_column et-last-child et_flex_column et_pb_css_mix_blend_mode_passthrough et_flex_column_24_24 et_flex_column_24_24_tablet et_flex_column_24_24_phone et_flex_column_24_24_tabletWide\">\n<div class=\"et_pb_heading_5 et_pb_heading et_pb_module et_flex_module preset--module--divi-heading--default\"><div class=\"et_pb_heading_container\"><h2 class=\"et_pb_module_header\">Comment nous travaillons<\/h2><\/div><\/div>\n\n<div class=\"et_pb_text_3 et_pb_text et_pb_bg_layout_light et_pb_module et_flex_module preset--module--divi-text--default\"><div class=\"et_pb_text_inner\"><p class=\"p1\">Notre processus structur\u00e9 assure la s\u00e9curit\u00e9 pour les deux parties et garantit qualit\u00e9 et succ\u00e8s durable.<\/p>\n<\/div><\/div>\n\n<div class=\"et_pb_accordion_0 et_pb_accordion et_pb_module et_flex_module\">\n<div class=\"et_pb_accordion_item_0 et_pb_accordion_item et_pb_toggle et_pb_module et_pb_toggle_open et_flex_module\"><h3 class=\"et_pb_toggle_title\">S\u00e9lection des candidats internationaux appropri\u00e9s<\/h3><div class=\"et_pb_toggle_content et_flex_module\"><p class=\"p1\">Nous identifions des candidats qualifi\u00e9s et motiv\u00e9s correspondant \u00e0 votre profil de poste.<br \/>Gr\u00e2ce \u00e0 une pr\u00e9s\u00e9lection minutieuse, nous assurons leur comp\u00e9tence professionnelle et leur ad\u00e9quation personnelle. Vous obtenez ainsi des candidats adapt\u00e9s avec des perspectives \u00e0 long terme.  <\/p>\n<\/div><\/div>\n\n<div class=\"et_pb_accordion_item_1 et_pb_accordion_item et_pb_toggle et_pb_module et_pb_toggle_close et_flex_module\"><h3 class=\"et_pb_toggle_title\">Pr\u00e9paration linguistique et professionnelle<\/h3><div class=\"et_pb_toggle_content et_flex_module\"><p class=\"p1\">Avant l\u2019arriv\u00e9e, les candidats sont pr\u00e9par\u00e9s linguistiquement et professionnellement. Cela facilite leur int\u00e9gration dans la vie professionnelle en Allemagne. Une pr\u00e9paration structur\u00e9e cr\u00e9e de la s\u00e9curit\u00e9 pour les deux parties.  <\/p>\n<\/div><\/div>\n\n<div class=\"et_pb_accordion_item_2 et_pb_accordion_item et_pb_toggle et_pb_module et_pb_toggle_close et_flex_module\"><h3 class=\"et_pb_toggle_title\">Assistance pour les proc\u00e9dures de visa et documents<\/h3><div class=\"et_pb_toggle_content et_flex_module\"><p class=\"p1\">Nous coordonnons les d\u00e9marches de reconnaissance, de visa et d\u2019entr\u00e9e en \u00e9troite collaboration avec toutes les parties concern\u00e9es. Nous veillons aux d\u00e9lais et aux exigences. Ainsi, nous r\u00e9duisons la charge administrative pour votre \u00e9tablissement.  <\/p>\n<\/div><\/div>\n\n<div class=\"et_pb_accordion_item_3 et_pb_accordion_item et_pb_toggle et_pb_module et_pb_toggle_close et_flex_module\"><h3 class=\"et_pb_toggle_title\">Placement aupr\u00e8s d\u2019\u00e9tablissements de soins adapt\u00e9s<\/h3><div class=\"et_pb_toggle_content et_flex_module\"><p class=\"p1\">Nous mettons en relation les candidats avec des \u00e9tablissements appropri\u00e9s. Nous prenons en compte leurs qualifications, vos besoins et les conditions r\u00e9gionales. Un placement adapt\u00e9 renforce la coop\u00e9ration \u00e0 long terme.  <\/p>\n<\/div><\/div>\n\n<div class=\"et_pb_accordion_item_4 et_pb_accordion_item et_pb_toggle et_pb_module et_pb_toggle_close et_flex_module\"><h3 class=\"et_pb_toggle_title\">Accompagnement pendant la formation ou l\u2019int\u00e9gration en Allemagne<\/h3><div class=\"et_pb_toggle_content et_flex_module\"><p class=\"p1\">M\u00eame apr\u00e8s l\u2019arriv\u00e9e, nous restons le contact des candidats et des employeurs. Nous soutenons l\u2019int\u00e9gration, la communication et les questions organisationnelles. Cela favorise la stabilit\u00e9 et le succ\u00e8s durable.  <\/p>\n<\/div><\/div>\n<\/div>\n<\/div>\n<\/div>\n<\/div>\n\n<div class=\"et_pb_section_4 et_pb_section et_section_regular et_flex_section\">\n<div class=\"et_pb_row_5 et_pb_row et_flex_row\">\n<div class=\"et_pb_column_8 et_pb_column et_flex_column et_pb_css_mix_blend_mode_passthrough et_animated et_flex_column_12_24 et_flex_column_24_24_tablet et_flex_column_24_24_phone et_flex_column_24_24_tabletWide\">\n<div class=\"et_pb_group_2 et_pb_group et_pb_module et_flex_group et_pb_css_mix_blend_mode_passthrough\">\n<div class=\"et_pb_heading_6 et_pb_heading et_pb_module et_flex_module preset--module--divi-heading--default\"><div class=\"et_pb_heading_container\"><h2 class=\"et_pb_module_header\">Notre zone d\u2019intervention<\/h2><\/div><\/div>\n\n<div class=\"et_pb_heading_7 et_pb_heading et_pb_module et_flex_module preset--module--divi-heading--default\"><div class=\"et_pb_heading_container\"><h3 class=\"et_pb_module_header\">Nord de l\u2019Allemagne<\/h3><\/div><\/div>\n<\/div>\n\n<div class=\"et_pb_text_4 et_pb_text et_pb_bg_layout_light et_pb_module et_flex_module preset--module--divi-text--default\"><div class=\"et_pb_text_inner\"><p class=\"p1\">Nous nous concentrons sur le Schleswig-Holstein du Nord \u2013 en particulier sur la r\u00e9gion de Nordfriesland, Schleswig-Flensburg, Flensburg et Rendsburg-Eckernf\u00f6rde.<\/p>\n<\/div><\/div>\n\n<div class=\"et_pb_row_6 et_pb_row et_pb_row_nested et_flex_row\">\n<div class=\"et_pb_column_9 et_pb_column et_flex_column et_pb_css_mix_blend_mode_passthrough et_flex_column_12_24 et_flex_column_24_24_tablet et_flex_column_24_24_phone et_flex_column_12_24_tabletWide\">\n<div class=\"et_pb_module et_pb_button_module_wrapper et_pb_button_3_wrapper preset--module--divi-button--default_wrapper\"><a class=\"et_pb_button_3 et_pb_button et_pb_bg_layout_dark et_pb_module et_flex_module preset--module--divi-button--default\" href=\"mailto:info@dts-carebridge.de\" data-icon=\"\ue010\">\u00c9crivez-nous<\/a><\/div>\n<\/div>\n\n<div class=\"et_pb_column_10 et_pb_column et-last-child et_flex_column et_pb_css_mix_blend_mode_passthrough et_flex_column_12_24 et_flex_column_24_24_tablet et_flex_column_24_24_phone et_flex_column_12_24_tabletWide\">\n<div class=\"et_pb_module et_pb_button_module_wrapper et_pb_button_4_wrapper preset--module--divi-button--default_wrapper\"><a class=\"et_pb_button_4 et_pb_button et_pb_bg_layout_dark et_pb_module et_flex_module preset--module--divi-button--default\" href=\"tel:01634009919\" data-icon=\"\uf879\">Appelez-nous<\/a><\/div>\n<\/div>\n<\/div>\n<\/div>\n\n<div class=\"et_pb_column_11 et_pb_column et-last-child et_flex_column et_pb_css_mix_blend_mode_passthrough et_animated et_flex_column_12_24 et_flex_column_24_24_tablet et_flex_column_24_24_phone et_flex_column_24_24_tabletWide\">\n<div class=\"et_pb_image_1 et_pb_image et_pb_module et_flex_module\"><span class=\"et_pb_image_wrap\"><img loading=\"lazy\" decoding=\"async\" src=\"https:\/\/dts-carebridge.de\/wp-content\/uploads\/2026\/03\/Ankunft-Einrichtung.webp\" width=\"1500\" height=\"1000\" srcset=\"https:\/\/dts-carebridge.de\/wp-content\/uploads\/2026\/03\/Ankunft-Einrichtung.webp 1500w, https:\/\/dts-carebridge.de\/wp-content\/uploads\/2026\/03\/Ankunft-Einrichtung-1280x853.webp 1280w, https:\/\/dts-carebridge.de\/wp-content\/uploads\/2026\/03\/Ankunft-Einrichtung-980x653.webp 980w, https:\/\/dts-carebridge.de\/wp-content\/uploads\/2026\/03\/Ankunft-Einrichtung-480x320.webp 480w\" sizes=\"(min-width: 0px) and (max-width: 480px) 480px, (min-width: 481px) and (max-width: 980px) 980px, (min-width: 981px) and (max-width: 1280px) 1280px, (min-width: 1281px) 1500px, 100vw\" class=\"wp-image-548\" \/><\/span><\/div>\n<\/div>\n<\/div>\n<\/div>\n\n<div class=\"et_pb_section_5 et_pb_section et_section_regular et_flex_section\">\n<div class=\"et_pb_row_7 et_pb_row et_flex_row et_animated\">\n<div class=\"et_pb_column_12 et_pb_column et-last-child et_flex_column et_pb_css_mix_blend_mode_passthrough et_flex_column_24_24 et_flex_column_24_24_tablet et_flex_column_24_24_phone et_flex_column_24_24_tabletWide\">\n<div class=\"et_pb_cta_0 et_pb_promo et_pb_bg_layout_dark et_pb_module et_flex_module\"><div class=\"et_pb_promo_description\"><h2 class=\"et_pb_module_header\">Prenez rendez-vous pour un entretien conseil<\/h2><div class=\"et_pb_promo_content\"><p class=\"p1\">Vous souhaitez s\u00e9curiser et renforcer votre \u00e9tablissement pour l\u2019avenir et recherchez des professionnels de sant\u00e9 qualifi\u00e9s dans le nord\u202f? Contactez-nous \u2013 sans engagement et de mani\u00e8re personnalis\u00e9e. <\/p>\n<\/div><\/div><div class=\"et_pb_button_wrapper\"><a class=\"et_pb_button et_pb_promo_button\" href=\"https:\/\/dts-carebridge.de\/kontakt\/\" data-icon=\"\ue090\">Prendre rendez-vous pour un entretien conseil<\/a><\/div><\/div>\n<\/div>\n<\/div>\n<\/div>","protected":false},"excerpt":{"rendered":"","protected":false},"author":1,"featured_media":0,"parent":0,"menu_order":30,"comment_status":"closed","ping_status":"closed","template":"","meta":{"footnotes":""},"class_list":["post-377","page","type-page","status-publish","hentry"],"aioseo_notices":[],"_links":{"self":[{"href":"https:\/\/dts-carebridge.de\/fr\/wp-json\/wp\/v2\/pages\/377","targetHints":{"allow":["GET"]}}],"collection":[{"href":"https:\/\/dts-carebridge.de\/fr\/wp-json\/wp\/v2\/pages"}],"about":[{"href":"https:\/\/dts-carebridge.de\/fr\/wp-json\/wp\/v2\/types\/page"}],"author":[{"embeddable":true,"href":"https:\/\/dts-carebridge.de\/fr\/wp-json\/wp\/v2\/users\/1"}],"replies":[{"embeddable":true,"href":"https:\/\/dts-carebridge.de\/fr\/wp-json\/wp\/v2\/comments?post=377"}],"version-history":[{"count":8,"href":"https:\/\/dts-carebridge.de\/fr\/wp-json\/wp\/v2\/pages\/377\/revisions"}],"predecessor-version":[{"id":691,"href":"https:\/\/dts-carebridge.de\/fr\/wp-json\/wp\/v2\/pages\/377\/revisions\/691"}],"wp:attachment":[{"href":"https:\/\/dts-carebridge.de\/fr\/wp-json\/wp\/v2\/media?parent=377"}],"curies":[{"name":"wp","href":"https:\/\/api.w.org\/{rel}","templated":true}]}}