{"id":385,"date":"2026-02-10T08:59:19","date_gmt":"2026-02-10T07:59:19","guid":{"rendered":"https:\/\/dts-carebridge.de\/a-propos-de-nous\/"},"modified":"2026-03-25T13:22:17","modified_gmt":"2026-03-25T12:22:17","slug":"a-propos-de-nous","status":"publish","type":"page","link":"https:\/\/dts-carebridge.de\/fr\/a-propos-de-nous\/","title":{"rendered":"\u00c0 propos de nous"},"content":{"rendered":"<div class=\"et_pb_section_0 et_pb_section et_section_regular et_block_section et_animated\">\n<div class=\"et_pb_row_0 et_pb_row et_block_row\">\n<div class=\"et_pb_column_0 et_pb_column et_pb_column_4_4 et-last-child et_block_column et_pb_css_mix_blend_mode_passthrough\">\n<div class=\"et_pb_heading_0 et_pb_heading et_pb_module et_flex_module preset--module--divi-heading--default\"><div class=\"et_pb_heading_container\"><h1 class=\"et_pb_module_header\">\u00c0 propos de nous<\/h1><\/div><\/div>\n\n<div class=\"et_pb_text_0 et_pb_text et_pb_bg_layout_light et_pb_module et_flex_module preset--module--divi-text--default\"><div class=\"et_pb_text_inner\"><p class=\"p1\">DTS CareBridge est une entreprise internationale de placement sp\u00e9cialis\u00e9e dans la formation en soins infirmiers et le recrutement de professionnels de sant\u00e9 pour le nord de l\u2019Allemagne.<\/p>\n<\/div><\/div>\n<\/div>\n<\/div>\n<\/div>\n\n<div class=\"et_pb_section_1 et_pb_section et_section_regular et_flex_section\">\n<div class=\"et_pb_row_1 et_pb_row et_flex_row\">\n<div class=\"et_pb_column_1 et_pb_column et_flex_column et_pb_css_mix_blend_mode_passthrough et_animated et_flex_column_2_5 et_flex_column_24_24_tablet et_flex_column_24_24_phone et_flex_column_16_24_tabletWide\">\n<div class=\"et_pb_heading_1 et_pb_heading et_pb_module et_flex_module preset--module--divi-heading--default\"><div class=\"et_pb_heading_container\"><h2 class=\"et_pb_module_header\">Pourquoi DTS CareBridge<\/h2><\/div><\/div>\n\n<div class=\"et_pb_text_1 et_pb_text et_pb_bg_layout_light et_pb_module et_flex_module preset--module--divi-text--default\"><div class=\"et_pb_text_inner\"><p class=\"p1\">Nous disposons de 30 ans d\u2019exp\u00e9rience en soins infirmiers et de 4 ans d\u2019exp\u00e9rience dans le recrutement international. Nous offrons un accompagnement personnalis\u00e9 aux \u00e9tablissements et aux professionnels de sant\u00e9 internationaux dans le nord de l\u2019Allemagne. <\/p>\n<\/div><\/div>\n\n<div class=\"et_pb_module et_pb_button_module_wrapper et_pb_button_0_wrapper preset--module--divi-button--default_wrapper\"><a class=\"et_pb_button_0 et_pb_button et_pb_bg_layout_dark et_pb_module et_flex_module preset--module--divi-button--default\" href=\"https:\/\/dts-carebridge.de\/kontakt\/\">Prendre rendez-vous pour un entretien conseil<\/a><\/div>\n<\/div>\n\n<div class=\"et_pb_column_2 et_pb_column et-last-child et_flex_column et_pb_css_mix_blend_mode_passthrough et_animated et_flex_column_3_5 et_flex_column_24_24_tablet et_flex_column_24_24_phone et_flex_column_8_24_tabletWide\">\n<div class=\"et_pb_image_0 et_pb_image et_pb_module et_flex_module\"><span class=\"et_pb_image_wrap\"><img loading=\"lazy\" decoding=\"async\" src=\"https:\/\/dts-carebridge.de\/wp-content\/uploads\/2026\/02\/dts-azubis.webp\" width=\"1500\" height=\"1000\" srcset=\"https:\/\/dts-carebridge.de\/wp-content\/uploads\/2026\/02\/dts-azubis.webp 1500w, https:\/\/dts-carebridge.de\/wp-content\/uploads\/2026\/02\/dts-azubis-1280x853.webp 1280w, https:\/\/dts-carebridge.de\/wp-content\/uploads\/2026\/02\/dts-azubis-980x653.webp 980w, https:\/\/dts-carebridge.de\/wp-content\/uploads\/2026\/02\/dts-azubis-480x320.webp 480w\" sizes=\"(min-width: 0px) and (max-width: 480px) 480px, (min-width: 481px) and (max-width: 980px) 980px, (min-width: 981px) and (max-width: 1280px) 1280px, (min-width: 1281px) 1500px, 100vw\" class=\"wp-image-280\" \/><\/span><\/div>\n<\/div>\n<\/div>\n<\/div>\n\n<div class=\"et_pb_section_2 et_pb_section et_section_regular et_flex_section et_animated\">\n<div class=\"et_pb_row_2 et_pb_row et_flex_row\">\n<div class=\"et_pb_column_3 et_pb_column et_flex_column et_pb_css_mix_blend_mode_passthrough et_flex_column_12_24 et_flex_column_24_24_tablet et_flex_column_24_24_phone et_flex_column_12_24_tabletWide\">\n<div class=\"et_pb_image_1 et_pb_image et_pb_module et_flex_module\"><span class=\"et_pb_image_wrap\"><img loading=\"lazy\" decoding=\"async\" src=\"https:\/\/dts-carebridge.de\/wp-content\/uploads\/2026\/03\/Thomas-Schella.webp\" title=\"Thomas Schella\" width=\"1000\" height=\"1000\" srcset=\"https:\/\/dts-carebridge.de\/wp-content\/uploads\/2026\/03\/Thomas-Schella.webp 1000w, https:\/\/dts-carebridge.de\/wp-content\/uploads\/2026\/03\/Thomas-Schella-980x980.webp 980w, https:\/\/dts-carebridge.de\/wp-content\/uploads\/2026\/03\/Thomas-Schella-480x480.webp 480w\" sizes=\"(min-width: 0px) and (max-width: 480px) 480px, (min-width: 481px) and (max-width: 980px) 980px, (min-width: 981px) 1000px, 100vw\" class=\"wp-image-381\" \/><\/span><\/div>\n<\/div>\n\n<div class=\"et_pb_column_4 et_pb_column et-last-child et_flex_column et_pb_css_mix_blend_mode_passthrough et_flex_column_12_24 et_flex_column_24_24_tablet et_flex_column_24_24_phone et_flex_column_12_24_tabletWide\">\n<div class=\"et_pb_heading_2 et_pb_heading et_pb_module et_flex_module preset--module--divi-heading--default\"><div class=\"et_pb_heading_container\"><h3 class=\"et_pb_module_header\">Thomas Schella<\/h3><\/div><\/div>\n\n<ul class=\"et_pb_icon_list_0 et_pb_icon_list et_pb_module et_flex_module\">\n<li class=\"et_pb_icon_list_item_0 et_pb_icon_list_item et_pb_module et_flex_module\"><span class=\"et-pb-icon\">N<\/span><div class=\"et_pb_icon_list_text\">Plus de 30 ans d\u2019exp\u00e9rience en soins infirmiers<\/div><\/li>\n\n<li class=\"et_pb_icon_list_item_1 et_pb_icon_list_item et_pb_module et_flex_module\"><span class=\"et-pb-icon\">N<\/span><div class=\"et_pb_icon_list_text\">Postes de direction dans des h\u00f4pitaux<\/div><\/li>\n\n<li class=\"et_pb_icon_list_item_2 et_pb_icon_list_item et_pb_module et_flex_module\"><span class=\"et-pb-icon\">N<\/span><div class=\"et_pb_icon_list_text\">Direction d\u2019un \u00e9tablissement pour personnes \u00e2g\u00e9es<\/div><\/li>\n\n<li class=\"et_pb_icon_list_item_3 et_pb_icon_list_item et_pb_module et_flex_module\"><span class=\"et-pb-icon\">N<\/span><div class=\"et_pb_icon_list_text\">Depuis plus de quatre ans, placement international<\/div><\/li>\n<\/ul>\n<\/div>\n<\/div>\n<\/div>\n\n<div class=\"et_pb_section_3 et_pb_section et_section_regular et_flex_section et_animated\">\n<div class=\"et_pb_row_3 et_pb_row et_flex_row\">\n<div class=\"et_pb_column_5 et_pb_column et-last-child et_flex_column et_pb_css_mix_blend_mode_passthrough et_flex_column_24_24 et_flex_column_24_24_phone et_flex_column_24_24_tabletWide\">\n<div class=\"et_pb_text_2 et_pb_text et_pb_bg_layout_light et_pb_module et_flex_module preset--module--divi-text--default\"><div class=\"et_pb_text_inner\"><p class=\"p1\">Les professionnels de sant\u00e9 internationaux sont une cl\u00e9 essentielle pour garantir les soins dans le nord. Le contact personnel avec chaque candidat constitue la base d\u2019une int\u00e9gration durable. <\/p>\n<\/div><\/div>\n\n<div class=\"et_pb_module et_pb_button_module_wrapper et_pb_button_1_wrapper preset--module--divi-button--default_wrapper\"><a class=\"et_pb_button_1 et_pb_button et_pb_bg_layout_dark et_pb_module et_flex_module preset--module--divi-button--default\" href=\"https:\/\/dts-carebridge.de\/kontakt\/\">Prenez rendez-vous pour un entretien conseil<\/a><\/div>\n<\/div>\n<\/div>\n<\/div>\n\n<div class=\"et_pb_section_4 et_pb_section et_section_regular et_flex_section et_animated\">\n<div class=\"et_pb_row_4 et_pb_row et_flex_row\">\n<div class=\"et_pb_column_6 et_pb_column et_flex_column et_pb_css_mix_blend_mode_passthrough et_flex_column_12_24 et_flex_column_24_24_tablet et_flex_column_24_24_phone et_flex_column_12_24_tabletWide\">\n<div class=\"et_pb_image_2 et_pb_image et_pb_module et_flex_module\"><span class=\"et_pb_image_wrap\"><img loading=\"lazy\" decoding=\"async\" src=\"https:\/\/dts-carebridge.de\/wp-content\/uploads\/2026\/03\/Sarah-Jacobsen.webp\" title=\"Sarah Jacobsen\" width=\"1000\" height=\"1000\" srcset=\"https:\/\/dts-carebridge.de\/wp-content\/uploads\/2026\/03\/Sarah-Jacobsen.webp 1000w, https:\/\/dts-carebridge.de\/wp-content\/uploads\/2026\/03\/Sarah-Jacobsen-980x980.webp 980w, https:\/\/dts-carebridge.de\/wp-content\/uploads\/2026\/03\/Sarah-Jacobsen-480x480.webp 480w\" sizes=\"(min-width: 0px) and (max-width: 480px) 480px, (min-width: 481px) and (max-width: 980px) 980px, (min-width: 981px) 1000px, 100vw\" class=\"wp-image-383\" \/><\/span><\/div>\n<\/div>\n\n<div class=\"et_pb_column_7 et_pb_column et-last-child et_flex_column et_pb_css_mix_blend_mode_passthrough et_flex_column_12_24 et_flex_column_24_24_tablet et_flex_column_24_24_phone et_flex_column_12_24_tabletWide\">\n<div class=\"et_pb_heading_3 et_pb_heading et_pb_module et_flex_module preset--module--divi-heading--default\"><div class=\"et_pb_heading_container\"><h3 class=\"et_pb_module_header\">Sarah Jacobsen<\/h3><\/div><\/div>\n\n<ul class=\"et_pb_icon_list_1 et_pb_icon_list et_pb_module et_flex_module\">\n<li class=\"et_pb_icon_list_item_4 et_pb_icon_list_item et_pb_module et_flex_module\"><span class=\"et-pb-icon\">N<\/span><div class=\"et_pb_icon_list_text\">Organisation et gestion des documents<\/div><\/li>\n\n<li class=\"et_pb_icon_list_item_5 et_pb_icon_list_item et_pb_module et_flex_module\"><span class=\"et-pb-icon\">N<\/span><div class=\"et_pb_icon_list_text\">Proc\u00e9dures de reconnaissance des qualifications<\/div><\/li>\n\n<li class=\"et_pb_icon_list_item_6 et_pb_icon_list_item et_pb_module et_flex_module\"><span class=\"et-pb-icon\">N<\/span><div class=\"et_pb_icon_list_text\">Proc\u00e9dures acc\u00e9l\u00e9r\u00e9es pour les professionnels de sant\u00e9<\/div><\/li>\n\n<li class=\"et_pb_icon_list_item_7 et_pb_icon_list_item et_pb_module et_flex_module\"><span class=\"et-pb-icon\">N<\/span><div class=\"et_pb_icon_list_text\">Coordination avec les autorit\u00e9s<\/div><\/li>\n\n<li class=\"et_pb_icon_list_item_8 et_pb_icon_list_item et_pb_module et_flex_module\"><span class=\"et-pb-icon\">N<\/span><div class=\"et_pb_icon_list_text\">Contacts avec les ambassades et minist\u00e8res<\/div><\/li>\n<\/ul>\n<\/div>\n<\/div>\n<\/div>\n\n<div class=\"et_pb_section_5 et_pb_section et_section_regular et_flex_section et_animated\">\n<div class=\"et_pb_row_5 et_pb_row et_flex_row\">\n<div class=\"et_pb_column_8 et_pb_column et-last-child et_flex_column et_pb_css_mix_blend_mode_passthrough et_flex_column_24_24 et_flex_column_24_24_tablet et_flex_column_24_24_phone et_flex_column_24_24_tabletWide\">\n<div class=\"et_pb_text_3 et_pb_text et_pb_bg_layout_light et_pb_module et_flex_module preset--module--divi-text--default\"><div class=\"et_pb_text_inner\"><p class=\"p1\">L\u2019humain est toujours au centre \u2013 tant du c\u00f4t\u00e9 des \u00e9tablissements que des candidats.<\/p>\n<\/div>\n<div class=\"et_pb_module et_pb_button_module_wrapper et_pb_button_2_wrapper preset--module--divi-button--default_wrapper\"><a class=\"et_pb_button_2 et_pb_button et_pb_bg_layout_dark et_pb_module et_flex_module preset--module--divi-button--default\" href=\"https:\/\/dts-carebridge.de\/kontakt\/\">Prenez rendez-vous pour un entretien conseil<\/a><\/div>\n<\/div>\n<\/div>\n<\/div>\n<\/div>","protected":false},"excerpt":{"rendered":"","protected":false},"author":1,"featured_media":0,"parent":0,"menu_order":40,"comment_status":"closed","ping_status":"closed","template":"","meta":{"footnotes":""},"class_list":["post-385","page","type-page","status-publish","hentry"],"aioseo_notices":[],"_links":{"self":[{"href":"https:\/\/dts-carebridge.de\/fr\/wp-json\/wp\/v2\/pages\/385","targetHints":{"allow":["GET"]}}],"collection":[{"href":"https:\/\/dts-carebridge.de\/fr\/wp-json\/wp\/v2\/pages"}],"about":[{"href":"https:\/\/dts-carebridge.de\/fr\/wp-json\/wp\/v2\/types\/page"}],"author":[{"embeddable":true,"href":"https:\/\/dts-carebridge.de\/fr\/wp-json\/wp\/v2\/users\/1"}],"replies":[{"embeddable":true,"href":"https:\/\/dts-carebridge.de\/fr\/wp-json\/wp\/v2\/comments?post=385"}],"version-history":[{"count":6,"href":"https:\/\/dts-carebridge.de\/fr\/wp-json\/wp\/v2\/pages\/385\/revisions"}],"predecessor-version":[{"id":723,"href":"https:\/\/dts-carebridge.de\/fr\/wp-json\/wp\/v2\/pages\/385\/revisions\/723"}],"wp:attachment":[{"href":"https:\/\/dts-carebridge.de\/fr\/wp-json\/wp\/v2\/media?parent=385"}],"curies":[{"name":"wp","href":"https:\/\/api.w.org\/{rel}","templated":true}]}}